{"id":1075,"date":"2021-12-17T07:13:47","date_gmt":"2021-12-17T07:13:47","guid":{"rendered":"https:\/\/zakrademos.com\/agency-03\/cart\/"},"modified":"2022-06-10T17:17:57","modified_gmt":"2022-06-10T17:17:57","slug":"cart","status":"publish","type":"page","link":"https:\/\/www.nilyazilim.co\/index.php\/cart\/","title":{"rendered":"Cart"},"content":{"rendered":"\n","protected":false},"excerpt":{"rendered":"","protected":false},"author":1,"featured_media":0,"parent":0,"menu_order":0,"comment_status":"closed","ping_status":"closed","template":"","meta":[],"yoast_head":"<!-- This site is optimized with the Yoast SEO plugin v19.1 - https:\/\/yoast.com\/wordpress\/plugins\/seo\/ -->\n<title>Cart - Denizli PDKS Personel Devam ve Kontrol Sistemleri<\/title>\n<meta name=\"description\" content=\"denizli,pdks,denizli e-fatura,denizli e-arsiv,denizli e-defter,denizli efatura,denizli earsiv,denizli edefter,pdks denizli\" \/>\n<meta name=\"robots\" content=\"index, follow, max-snippet:-1, max-image-preview:large, max-video-preview:-1\" \/>\n<link rel=\"canonical\" href=\"https:\/\/www.nilyazilim.co\/index.php\/cart\/\" \/>\n<meta property=\"og:locale\" content=\"tr_TR\" \/>\n<meta property=\"og:type\" content=\"article\" \/>\n<meta property=\"og:title\" content=\"Cart - Denizli PDKS Personel Devam ve Kontrol Sistemleri\" \/>\n<meta property=\"og:description\" content=\"denizli,pdks,denizli e-fatura,denizli e-arsiv,denizli e-defter,denizli efatura,denizli earsiv,denizli edefter,pdks denizli\" \/>\n<meta property=\"og:url\" content=\"https:\/\/www.nilyazilim.co\/index.php\/cart\/\" \/>\n<meta property=\"og:site_name\" content=\"Denizli PDKS Personel Devam ve Kontrol Sistemleri\" \/>\n<meta property=\"article:modified_time\" content=\"2022-06-10T17:17:57+00:00\" \/>\n<meta name=\"twitter:card\" content=\"summary_large_image\" \/>\n<script type=\"application\/ld+json\" class=\"yoast-schema-graph\">{\"@context\":\"https:\/\/schema.org\",\"@graph\":[{\"@type\":\"Organization\",\"@id\":\"https:\/\/www.nilyazilim.co\/#organization\",\"name\":\"Nil Yaz\u0131l\u0131m\",\"url\":\"https:\/\/www.nilyazilim.co\/\",\"sameAs\":[],\"logo\":{\"@type\":\"ImageObject\",\"inLanguage\":\"tr\",\"@id\":\"https:\/\/www.nilyazilim.co\/#\/schema\/logo\/image\/\",\"url\":\"https:\/\/www.nilyazilim.co\/wp-content\/uploads\/2022\/06\/Logo.png\",\"contentUrl\":\"https:\/\/www.nilyazilim.co\/wp-content\/uploads\/2022\/06\/Logo.png\",\"width\":3751,\"height\":500,\"caption\":\"Nil Yaz\u0131l\u0131m\"},\"image\":{\"@id\":\"https:\/\/www.nilyazilim.co\/#\/schema\/logo\/image\/\"}},{\"@type\":\"WebSite\",\"@id\":\"https:\/\/www.nilyazilim.co\/#website\",\"url\":\"https:\/\/www.nilyazilim.co\/\",\"name\":\"Denizli PDKS Personel Devam ve Kontrol Sistemleri\",\"description\":\"Bordro ve PDKS Uzmanl\u0131k Alan\u0131m\u0131z\",\"publisher\":{\"@id\":\"https:\/\/www.nilyazilim.co\/#organization\"},\"potentialAction\":[{\"@type\":\"SearchAction\",\"target\":{\"@type\":\"EntryPoint\",\"urlTemplate\":\"https:\/\/www.nilyazilim.co\/?s={search_term_string}\"},\"query-input\":\"required name=search_term_string\"}],\"inLanguage\":\"tr\"},{\"@type\":\"WebPage\",\"@id\":\"https:\/\/www.nilyazilim.co\/index.php\/cart\/#webpage\",\"url\":\"https:\/\/www.nilyazilim.co\/index.php\/cart\/\",\"name\":\"Cart - Denizli PDKS Personel Devam ve Kontrol Sistemleri\",\"isPartOf\":{\"@id\":\"https:\/\/www.nilyazilim.co\/#website\"},\"datePublished\":\"2021-12-17T07:13:47+00:00\",\"dateModified\":\"2022-06-10T17:17:57+00:00\",\"description\":\"denizli,pdks,denizli e-fatura,denizli e-arsiv,denizli e-defter,denizli efatura,denizli earsiv,denizli edefter,pdks denizli\",\"breadcrumb\":{\"@id\":\"https:\/\/www.nilyazilim.co\/index.php\/cart\/#breadcrumb\"},\"inLanguage\":\"tr\",\"potentialAction\":[{\"@type\":\"ReadAction\",\"target\":[\"https:\/\/www.nilyazilim.co\/index.php\/cart\/\"]}]},{\"@type\":\"BreadcrumbList\",\"@id\":\"https:\/\/www.nilyazilim.co\/index.php\/cart\/#breadcrumb\",\"itemListElement\":[{\"@type\":\"ListItem\",\"position\":1,\"name\":\"Anasayfa\",\"item\":\"https:\/\/www.nilyazilim.co\/\"},{\"@type\":\"ListItem\",\"position\":2,\"name\":\"Cart\"}]}]}<\/script>\n<!-- \/ Yoast SEO plugin. -->","yoast_head_json":{"title":"Cart - Denizli PDKS Personel Devam ve Kontrol Sistemleri","description":"denizli,pdks,denizli e-fatura,denizli e-arsiv,denizli e-defter,denizli efatura,denizli earsiv,denizli edefter,pdks denizli","robots":{"index":"index","follow":"follow","max-snippet":"max-snippet:-1","max-image-preview":"max-image-preview:large","max-video-preview":"max-video-preview:-1"},"canonical":"https:\/\/www.nilyazilim.co\/index.php\/cart\/","og_locale":"tr_TR","og_type":"article","og_title":"Cart - Denizli PDKS Personel Devam ve Kontrol Sistemleri","og_description":"denizli,pdks,denizli e-fatura,denizli e-arsiv,denizli e-defter,denizli efatura,denizli earsiv,denizli edefter,pdks denizli","og_url":"https:\/\/www.nilyazilim.co\/index.php\/cart\/","og_site_name":"Denizli PDKS Personel Devam ve Kontrol Sistemleri","article_modified_time":"2022-06-10T17:17:57+00:00","twitter_card":"summary_large_image","schema":{"@context":"https:\/\/schema.org","@graph":[{"@type":"Organization","@id":"https:\/\/www.nilyazilim.co\/#organization","name":"Nil Yaz\u0131l\u0131m","url":"https:\/\/www.nilyazilim.co\/","sameAs":[],"logo":{"@type":"ImageObject","inLanguage":"tr","@id":"https:\/\/www.nilyazilim.co\/#\/schema\/logo\/image\/","url":"https:\/\/www.nilyazilim.co\/wp-content\/uploads\/2022\/06\/Logo.png","contentUrl":"https:\/\/www.nilyazilim.co\/wp-content\/uploads\/2022\/06\/Logo.png","width":3751,"height":500,"caption":"Nil Yaz\u0131l\u0131m"},"image":{"@id":"https:\/\/www.nilyazilim.co\/#\/schema\/logo\/image\/"}},{"@type":"WebSite","@id":"https:\/\/www.nilyazilim.co\/#website","url":"https:\/\/www.nilyazilim.co\/","name":"Denizli PDKS Personel Devam ve Kontrol Sistemleri","description":"Bordro ve PDKS Uzmanl\u0131k Alan\u0131m\u0131z","publisher":{"@id":"https:\/\/www.nilyazilim.co\/#organization"},"potentialAction":[{"@type":"SearchAction","target":{"@type":"EntryPoint","urlTemplate":"https:\/\/www.nilyazilim.co\/?s={search_term_string}"},"query-input":"required name=search_term_string"}],"inLanguage":"tr"},{"@type":"WebPage","@id":"https:\/\/www.nilyazilim.co\/index.php\/cart\/#webpage","url":"https:\/\/www.nilyazilim.co\/index.php\/cart\/","name":"Cart - Denizli PDKS Personel Devam ve Kontrol Sistemleri","isPartOf":{"@id":"https:\/\/www.nilyazilim.co\/#website"},"datePublished":"2021-12-17T07:13:47+00:00","dateModified":"2022-06-10T17:17:57+00:00","description":"denizli,pdks,denizli e-fatura,denizli e-arsiv,denizli e-defter,denizli efatura,denizli earsiv,denizli edefter,pdks denizli","breadcrumb":{"@id":"https:\/\/www.nilyazilim.co\/index.php\/cart\/#breadcrumb"},"inLanguage":"tr","potentialAction":[{"@type":"ReadAction","target":["https:\/\/www.nilyazilim.co\/index.php\/cart\/"]}]},{"@type":"BreadcrumbList","@id":"https:\/\/www.nilyazilim.co\/index.php\/cart\/#breadcrumb","itemListElement":[{"@type":"ListItem","position":1,"name":"Anasayfa","item":"https:\/\/www.nilyazilim.co\/"},{"@type":"ListItem","position":2,"name":"Cart"}]}]}},"_links":{"self":[{"href":"https:\/\/www.nilyazilim.co\/index.php\/wp-json\/wp\/v2\/pages\/1075"}],"collection":[{"href":"https:\/\/www.nilyazilim.co\/index.php\/wp-json\/wp\/v2\/pages"}],"about":[{"href":"https:\/\/www.nilyazilim.co\/index.php\/wp-json\/wp\/v2\/types\/page"}],"author":[{"embeddable":true,"href":"https:\/\/www.nilyazilim.co\/index.php\/wp-json\/wp\/v2\/users\/1"}],"replies":[{"embeddable":true,"href":"https:\/\/www.nilyazilim.co\/index.php\/wp-json\/wp\/v2\/comments?post=1075"}],"version-history":[{"count":1,"href":"https:\/\/www.nilyazilim.co\/index.php\/wp-json\/wp\/v2\/pages\/1075\/revisions"}],"predecessor-version":[{"id":1092,"href":"https:\/\/www.nilyazilim.co\/index.php\/wp-json\/wp\/v2\/pages\/1075\/revisions\/1092"}],"wp:attachment":[{"href":"https:\/\/www.nilyazilim.co\/index.php\/wp-json\/wp\/v2\/media?parent=1075"}],"curies":[{"name":"wp","href":"https:\/\/api.w.org\/{rel}","templated":true}]}}