{"id":869,"date":"2021-12-14T03:11:09","date_gmt":"2021-12-14T03:11:09","guid":{"rendered":"https:\/\/blockart-agency.sites.qsandbox.com\/?post_type=product&amp;p=869"},"modified":"2021-12-14T03:11:09","modified_gmt":"2021-12-14T03:11:09","slug":"mini-speaker","status":"publish","type":"product","link":"https:\/\/www.nilyazilim.co\/index.php\/urun\/mini-speaker\/","title":{"rendered":"Mini Speaker"},"content":{"rendered":"<p>There are many variations of passages of Lorem Ipsum available, but the majority have suffered alteration in some form, by injected humour, or randomised words which don\u2019t look even slightly believable. If you are going to use a passage of Lorem Ipsum, you need to be sure there isn\u2019t anything embarrassing hidden in the middle of text. All the Lorem Ipsum generators on the Internet tend to repeat predefined chunks as necessary, making this the first true generator on the Internet. It uses a dictionary of over 200 Latin words, combined with a handful of model sentence structures, to generate Lorem Ipsum which looks reasonable. The generated Lorem Ipsum is therefore always free from repetition, injected humour, or non-characteristic words etc.<\/p>\n","protected":false},"excerpt":{"rendered":"<p>There are many variations of passages of Lorem Ipsum available, but the majority have suffered alteration in some form, by injected humour, or randomised words which don\u2019t look even slightly believable. If you are going to use a passage of Lorem Ipsum, you need to be sure there isn\u2019t anything embarrassing hidden in the middle of text. All the Lorem Ipsum generators on the Internet tend to repeat predefined chunks as necessary, making this the first true generator on the Internet. It uses a dictionary of over 200 Latin words, combined with a handful of model sentence structures, to generate Lorem Ipsum which looks reasonable. The generated Lorem Ipsum is therefore always free from repetition, injected humour, or non-characteristic words etc.<\/p>\n","protected":false},"featured_media":862,"comment_status":"open","ping_status":"closed","template":"","meta":[],"product_cat":[21],"product_tag":[],"yoast_head":"<!-- This site is optimized with the Yoast SEO plugin v19.1 - https:\/\/yoast.com\/wordpress\/plugins\/seo\/ -->\n<title>Mini Speaker - Denizli PDKS Personel Devam ve Kontrol Sistemleri<\/title>\n<meta name=\"robots\" content=\"index, follow, max-snippet:-1, max-image-preview:large, max-video-preview:-1\" \/>\n<link rel=\"canonical\" href=\"https:\/\/www.nilyazilim.co\/index.php\/urun\/mini-speaker\/\" \/>\n<meta property=\"og:locale\" content=\"tr_TR\" \/>\n<meta property=\"og:type\" content=\"article\" \/>\n<meta property=\"og:title\" content=\"Mini Speaker - Denizli PDKS Personel Devam ve Kontrol Sistemleri\" \/>\n<meta property=\"og:description\" content=\"There are many variations of passages of Lorem Ipsum available, but the majority have suffered alteration in some form, by injected humour, or randomised words which don\u2019t look even slightly believable. If you are going to use a passage of Lorem Ipsum, you need to be sure there isn\u2019t anything embarrassing hidden in the middle of text. All the Lorem Ipsum generators on the Internet tend to repeat predefined chunks as necessary, making this the first true generator on the Internet. It uses a dictionary of over 200 Latin words, combined with a handful of model sentence structures, to generate Lorem Ipsum which looks reasonable. The generated Lorem Ipsum is therefore always free from repetition, injected humour, or non-characteristic words etc.\" \/>\n<meta property=\"og:url\" content=\"https:\/\/www.nilyazilim.co\/index.php\/urun\/mini-speaker\/\" \/>\n<meta property=\"og:site_name\" content=\"Denizli PDKS Personel Devam ve Kontrol Sistemleri\" \/>\n<meta property=\"og:image\" content=\"https:\/\/www.nilyazilim.co\/wp-content\/uploads\/2021\/12\/product-a-300x300-1.jpg\" \/>\n\t<meta property=\"og:image:width\" content=\"300\" \/>\n\t<meta property=\"og:image:height\" content=\"300\" \/>\n\t<meta property=\"og:image:type\" content=\"image\/jpeg\" \/>\n<meta name=\"twitter:card\" content=\"summary_large_image\" \/>\n<meta name=\"twitter:label1\" content=\"Tahmini okuma s\u00fcresi\" \/>\n\t<meta name=\"twitter:data1\" content=\"1 dakika\" \/>\n<script type=\"application\/ld+json\" class=\"yoast-schema-graph\">{\"@context\":\"https:\/\/schema.org\",\"@graph\":[{\"@type\":\"Organization\",\"@id\":\"https:\/\/www.nilyazilim.co\/#organization\",\"name\":\"Nil Yaz\u0131l\u0131m\",\"url\":\"https:\/\/www.nilyazilim.co\/\",\"sameAs\":[],\"logo\":{\"@type\":\"ImageObject\",\"inLanguage\":\"tr\",\"@id\":\"https:\/\/www.nilyazilim.co\/#\/schema\/logo\/image\/\",\"url\":\"https:\/\/www.nilyazilim.co\/wp-content\/uploads\/2022\/06\/Logo.png\",\"contentUrl\":\"https:\/\/www.nilyazilim.co\/wp-content\/uploads\/2022\/06\/Logo.png\",\"width\":3751,\"height\":500,\"caption\":\"Nil Yaz\u0131l\u0131m\"},\"image\":{\"@id\":\"https:\/\/www.nilyazilim.co\/#\/schema\/logo\/image\/\"}},{\"@type\":\"WebSite\",\"@id\":\"https:\/\/www.nilyazilim.co\/#website\",\"url\":\"https:\/\/www.nilyazilim.co\/\",\"name\":\"Denizli PDKS Personel Devam ve Kontrol Sistemleri\",\"description\":\"Bordro ve PDKS Uzmanl\u0131k Alan\u0131m\u0131z\",\"publisher\":{\"@id\":\"https:\/\/www.nilyazilim.co\/#organization\"},\"potentialAction\":[{\"@type\":\"SearchAction\",\"target\":{\"@type\":\"EntryPoint\",\"urlTemplate\":\"https:\/\/www.nilyazilim.co\/?s={search_term_string}\"},\"query-input\":\"required name=search_term_string\"}],\"inLanguage\":\"tr\"},{\"@type\":\"ImageObject\",\"inLanguage\":\"tr\",\"@id\":\"https:\/\/www.nilyazilim.co\/index.php\/urun\/mini-speaker\/#primaryimage\",\"url\":\"https:\/\/www.nilyazilim.co\/wp-content\/uploads\/2021\/12\/product-a-300x300-1.jpg\",\"contentUrl\":\"https:\/\/www.nilyazilim.co\/wp-content\/uploads\/2021\/12\/product-a-300x300-1.jpg\",\"width\":300,\"height\":300},{\"@type\":\"WebPage\",\"@id\":\"https:\/\/www.nilyazilim.co\/index.php\/urun\/mini-speaker\/#webpage\",\"url\":\"https:\/\/www.nilyazilim.co\/index.php\/urun\/mini-speaker\/\",\"name\":\"Mini Speaker - Denizli PDKS Personel Devam ve Kontrol Sistemleri\",\"isPartOf\":{\"@id\":\"https:\/\/www.nilyazilim.co\/#website\"},\"primaryImageOfPage\":{\"@id\":\"https:\/\/www.nilyazilim.co\/index.php\/urun\/mini-speaker\/#primaryimage\"},\"datePublished\":\"2021-12-14T03:11:09+00:00\",\"dateModified\":\"2021-12-14T03:11:09+00:00\",\"breadcrumb\":{\"@id\":\"https:\/\/www.nilyazilim.co\/index.php\/urun\/mini-speaker\/#breadcrumb\"},\"inLanguage\":\"tr\",\"potentialAction\":[{\"@type\":\"ReadAction\",\"target\":[\"https:\/\/www.nilyazilim.co\/index.php\/urun\/mini-speaker\/\"]}]},{\"@type\":\"BreadcrumbList\",\"@id\":\"https:\/\/www.nilyazilim.co\/index.php\/urun\/mini-speaker\/#breadcrumb\",\"itemListElement\":[{\"@type\":\"ListItem\",\"position\":1,\"name\":\"Anasayfa\",\"item\":\"https:\/\/www.nilyazilim.co\/\"},{\"@type\":\"ListItem\",\"position\":2,\"name\":\"Shop\",\"item\":\"https:\/\/www.nilyazilim.co\/index.php\/shop\/\"},{\"@type\":\"ListItem\",\"position\":3,\"name\":\"Mini Speaker\"}]}]}<\/script>\n<!-- \/ Yoast SEO plugin. -->","yoast_head_json":{"title":"Mini Speaker - Denizli PDKS Personel Devam ve Kontrol Sistemleri","robots":{"index":"index","follow":"follow","max-snippet":"max-snippet:-1","max-image-preview":"max-image-preview:large","max-video-preview":"max-video-preview:-1"},"canonical":"https:\/\/www.nilyazilim.co\/index.php\/urun\/mini-speaker\/","og_locale":"tr_TR","og_type":"article","og_title":"Mini Speaker - Denizli PDKS Personel Devam ve Kontrol Sistemleri","og_description":"There are many variations of passages of Lorem Ipsum available, but the majority have suffered alteration in some form, by injected humour, or randomised words which don\u2019t look even slightly believable. If you are going to use a passage of Lorem Ipsum, you need to be sure there isn\u2019t anything embarrassing hidden in the middle of text. All the Lorem Ipsum generators on the Internet tend to repeat predefined chunks as necessary, making this the first true generator on the Internet. It uses a dictionary of over 200 Latin words, combined with a handful of model sentence structures, to generate Lorem Ipsum which looks reasonable. The generated Lorem Ipsum is therefore always free from repetition, injected humour, or non-characteristic words etc.","og_url":"https:\/\/www.nilyazilim.co\/index.php\/urun\/mini-speaker\/","og_site_name":"Denizli PDKS Personel Devam ve Kontrol Sistemleri","og_image":[{"width":300,"height":300,"url":"https:\/\/www.nilyazilim.co\/wp-content\/uploads\/2021\/12\/product-a-300x300-1.jpg","type":"image\/jpeg"}],"twitter_card":"summary_large_image","twitter_misc":{"Tahmini okuma s\u00fcresi":"1 dakika"},"schema":{"@context":"https:\/\/schema.org","@graph":[{"@type":"Organization","@id":"https:\/\/www.nilyazilim.co\/#organization","name":"Nil Yaz\u0131l\u0131m","url":"https:\/\/www.nilyazilim.co\/","sameAs":[],"logo":{"@type":"ImageObject","inLanguage":"tr","@id":"https:\/\/www.nilyazilim.co\/#\/schema\/logo\/image\/","url":"https:\/\/www.nilyazilim.co\/wp-content\/uploads\/2022\/06\/Logo.png","contentUrl":"https:\/\/www.nilyazilim.co\/wp-content\/uploads\/2022\/06\/Logo.png","width":3751,"height":500,"caption":"Nil Yaz\u0131l\u0131m"},"image":{"@id":"https:\/\/www.nilyazilim.co\/#\/schema\/logo\/image\/"}},{"@type":"WebSite","@id":"https:\/\/www.nilyazilim.co\/#website","url":"https:\/\/www.nilyazilim.co\/","name":"Denizli PDKS Personel Devam ve Kontrol Sistemleri","description":"Bordro ve PDKS Uzmanl\u0131k Alan\u0131m\u0131z","publisher":{"@id":"https:\/\/www.nilyazilim.co\/#organization"},"potentialAction":[{"@type":"SearchAction","target":{"@type":"EntryPoint","urlTemplate":"https:\/\/www.nilyazilim.co\/?s={search_term_string}"},"query-input":"required name=search_term_string"}],"inLanguage":"tr"},{"@type":"ImageObject","inLanguage":"tr","@id":"https:\/\/www.nilyazilim.co\/index.php\/urun\/mini-speaker\/#primaryimage","url":"https:\/\/www.nilyazilim.co\/wp-content\/uploads\/2021\/12\/product-a-300x300-1.jpg","contentUrl":"https:\/\/www.nilyazilim.co\/wp-content\/uploads\/2021\/12\/product-a-300x300-1.jpg","width":300,"height":300},{"@type":"WebPage","@id":"https:\/\/www.nilyazilim.co\/index.php\/urun\/mini-speaker\/#webpage","url":"https:\/\/www.nilyazilim.co\/index.php\/urun\/mini-speaker\/","name":"Mini Speaker - Denizli PDKS Personel Devam ve Kontrol Sistemleri","isPartOf":{"@id":"https:\/\/www.nilyazilim.co\/#website"},"primaryImageOfPage":{"@id":"https:\/\/www.nilyazilim.co\/index.php\/urun\/mini-speaker\/#primaryimage"},"datePublished":"2021-12-14T03:11:09+00:00","dateModified":"2021-12-14T03:11:09+00:00","breadcrumb":{"@id":"https:\/\/www.nilyazilim.co\/index.php\/urun\/mini-speaker\/#breadcrumb"},"inLanguage":"tr","potentialAction":[{"@type":"ReadAction","target":["https:\/\/www.nilyazilim.co\/index.php\/urun\/mini-speaker\/"]}]},{"@type":"BreadcrumbList","@id":"https:\/\/www.nilyazilim.co\/index.php\/urun\/mini-speaker\/#breadcrumb","itemListElement":[{"@type":"ListItem","position":1,"name":"Anasayfa","item":"https:\/\/www.nilyazilim.co\/"},{"@type":"ListItem","position":2,"name":"Shop","item":"https:\/\/www.nilyazilim.co\/index.php\/shop\/"},{"@type":"ListItem","position":3,"name":"Mini Speaker"}]}]}},"_links":{"self":[{"href":"https:\/\/www.nilyazilim.co\/index.php\/wp-json\/wp\/v2\/product\/869"}],"collection":[{"href":"https:\/\/www.nilyazilim.co\/index.php\/wp-json\/wp\/v2\/product"}],"about":[{"href":"https:\/\/www.nilyazilim.co\/index.php\/wp-json\/wp\/v2\/types\/product"}],"replies":[{"embeddable":true,"href":"https:\/\/www.nilyazilim.co\/index.php\/wp-json\/wp\/v2\/comments?post=869"}],"wp:featuredmedia":[{"embeddable":true,"href":"https:\/\/www.nilyazilim.co\/index.php\/wp-json\/wp\/v2\/media\/862"}],"wp:attachment":[{"href":"https:\/\/www.nilyazilim.co\/index.php\/wp-json\/wp\/v2\/media?parent=869"}],"wp:term":[{"taxonomy":"product_cat","embeddable":true,"href":"https:\/\/www.nilyazilim.co\/index.php\/wp-json\/wp\/v2\/product_cat?post=869"},{"taxonomy":"product_tag","embeddable":true,"href":"https:\/\/www.nilyazilim.co\/index.php\/wp-json\/wp\/v2\/product_tag?post=869"}],"curies":[{"name":"wp","href":"https:\/\/api.w.org\/{rel}","templated":true}]}}