{"id":876,"date":"2021-12-14T03:14:48","date_gmt":"2021-12-14T03:14:48","guid":{"rendered":"https:\/\/blockart-agency.sites.qsandbox.com\/?post_type=product&amp;p=876"},"modified":"2021-12-14T03:14:48","modified_gmt":"2021-12-14T03:14:48","slug":"zurich-watch","status":"publish","type":"product","link":"https:\/\/www.nilyazilim.co\/index.php\/urun\/zurich-watch\/","title":{"rendered":"Zurich Watch"},"content":{"rendered":"<p>Contrary to popular belief, Lorem Ipsum is not simply random text. It has roots in a piece of classical Latin literature from 45 BC, making it over 2000 years old. Richard McClintock, a Latin professor at Hampden-Sydney College in Virginia, looked up one of the more obscure Latin words, consectetur, from a Lorem Ipsum passage, and going through the cites of the word in classical literature, discovered the undoubtable source. Lorem Ipsum comes from sections 1.10.32 and 1.10.33 of \u201cde Finibus Bonorum et Malorum\u201d (The Extremes of Good and Evil) by Cicero, written in 45 BC. This book is a treatise on the theory of ethics, very popular during the Renaissance.<\/p>\n","protected":false},"excerpt":{"rendered":"<p>Contrary to popular belief, Lorem Ipsum is not simply random text. It has roots in a piece of classical Latin literature from 45 BC, making it over 2000 years old. Richard McClintock, a Latin professor at Hampden-Sydney College in Virginia, looked up one of the more obscure Latin words, consectetur, from a Lorem Ipsum passage, and going through the cites of the word in classical literature, discovered the undoubtable source. Lorem Ipsum comes from sections 1.10.32 and 1.10.33 of \u201cde Finibus Bonorum et Malorum\u201d (The Extremes of Good and Evil) by Cicero, written in 45 BC. This book is a treatise on the theory of ethics, very popular during the Renaissance.<\/p>\n","protected":false},"featured_media":875,"comment_status":"open","ping_status":"closed","template":"","meta":[],"product_cat":[26],"product_tag":[],"yoast_head":"<!-- This site is optimized with the Yoast SEO plugin v19.1 - https:\/\/yoast.com\/wordpress\/plugins\/seo\/ -->\n<title>Zurich Watch - Denizli PDKS Personel Devam ve Kontrol Sistemleri<\/title>\n<meta name=\"robots\" content=\"index, follow, max-snippet:-1, max-image-preview:large, max-video-preview:-1\" \/>\n<link rel=\"canonical\" href=\"https:\/\/www.nilyazilim.co\/index.php\/urun\/zurich-watch\/\" \/>\n<meta property=\"og:locale\" content=\"tr_TR\" \/>\n<meta property=\"og:type\" content=\"article\" \/>\n<meta property=\"og:title\" content=\"Zurich Watch - Denizli PDKS Personel Devam ve Kontrol Sistemleri\" \/>\n<meta property=\"og:description\" content=\"Contrary to popular belief, Lorem Ipsum is not simply random text. It has roots in a piece of classical Latin literature from 45 BC, making it over 2000 years old. Richard McClintock, a Latin professor at Hampden-Sydney College in Virginia, looked up one of the more obscure Latin words, consectetur, from a Lorem Ipsum passage, and going through the cites of the word in classical literature, discovered the undoubtable source. Lorem Ipsum comes from sections 1.10.32 and 1.10.33 of \u201cde Finibus Bonorum et Malorum\u201d (The Extremes of Good and Evil) by Cicero, written in 45 BC. This book is a treatise on the theory of ethics, very popular during the Renaissance.\" \/>\n<meta property=\"og:url\" content=\"https:\/\/www.nilyazilim.co\/index.php\/urun\/zurich-watch\/\" \/>\n<meta property=\"og:site_name\" content=\"Denizli PDKS Personel Devam ve Kontrol Sistemleri\" \/>\n<meta property=\"og:image\" content=\"https:\/\/www.nilyazilim.co\/wp-content\/uploads\/2021\/12\/product-k-300x300-1.jpg\" \/>\n\t<meta property=\"og:image:width\" content=\"300\" \/>\n\t<meta property=\"og:image:height\" content=\"300\" \/>\n\t<meta property=\"og:image:type\" content=\"image\/jpeg\" \/>\n<meta name=\"twitter:card\" content=\"summary_large_image\" \/>\n<meta name=\"twitter:label1\" content=\"Tahmini okuma s\u00fcresi\" \/>\n\t<meta name=\"twitter:data1\" content=\"1 dakika\" \/>\n<script type=\"application\/ld+json\" class=\"yoast-schema-graph\">{\"@context\":\"https:\/\/schema.org\",\"@graph\":[{\"@type\":\"Organization\",\"@id\":\"https:\/\/www.nilyazilim.co\/#organization\",\"name\":\"Nil Yaz\u0131l\u0131m\",\"url\":\"https:\/\/www.nilyazilim.co\/\",\"sameAs\":[],\"logo\":{\"@type\":\"ImageObject\",\"inLanguage\":\"tr\",\"@id\":\"https:\/\/www.nilyazilim.co\/#\/schema\/logo\/image\/\",\"url\":\"https:\/\/www.nilyazilim.co\/wp-content\/uploads\/2022\/06\/Logo.png\",\"contentUrl\":\"https:\/\/www.nilyazilim.co\/wp-content\/uploads\/2022\/06\/Logo.png\",\"width\":3751,\"height\":500,\"caption\":\"Nil Yaz\u0131l\u0131m\"},\"image\":{\"@id\":\"https:\/\/www.nilyazilim.co\/#\/schema\/logo\/image\/\"}},{\"@type\":\"WebSite\",\"@id\":\"https:\/\/www.nilyazilim.co\/#website\",\"url\":\"https:\/\/www.nilyazilim.co\/\",\"name\":\"Denizli PDKS Personel Devam ve Kontrol Sistemleri\",\"description\":\"Bordro ve PDKS Uzmanl\u0131k Alan\u0131m\u0131z\",\"publisher\":{\"@id\":\"https:\/\/www.nilyazilim.co\/#organization\"},\"potentialAction\":[{\"@type\":\"SearchAction\",\"target\":{\"@type\":\"EntryPoint\",\"urlTemplate\":\"https:\/\/www.nilyazilim.co\/?s={search_term_string}\"},\"query-input\":\"required name=search_term_string\"}],\"inLanguage\":\"tr\"},{\"@type\":\"ImageObject\",\"inLanguage\":\"tr\",\"@id\":\"https:\/\/www.nilyazilim.co\/index.php\/urun\/zurich-watch\/#primaryimage\",\"url\":\"https:\/\/www.nilyazilim.co\/wp-content\/uploads\/2021\/12\/product-k-300x300-1.jpg\",\"contentUrl\":\"https:\/\/www.nilyazilim.co\/wp-content\/uploads\/2021\/12\/product-k-300x300-1.jpg\",\"width\":300,\"height\":300},{\"@type\":\"WebPage\",\"@id\":\"https:\/\/www.nilyazilim.co\/index.php\/urun\/zurich-watch\/#webpage\",\"url\":\"https:\/\/www.nilyazilim.co\/index.php\/urun\/zurich-watch\/\",\"name\":\"Zurich Watch - Denizli PDKS Personel Devam ve Kontrol Sistemleri\",\"isPartOf\":{\"@id\":\"https:\/\/www.nilyazilim.co\/#website\"},\"primaryImageOfPage\":{\"@id\":\"https:\/\/www.nilyazilim.co\/index.php\/urun\/zurich-watch\/#primaryimage\"},\"datePublished\":\"2021-12-14T03:14:48+00:00\",\"dateModified\":\"2021-12-14T03:14:48+00:00\",\"breadcrumb\":{\"@id\":\"https:\/\/www.nilyazilim.co\/index.php\/urun\/zurich-watch\/#breadcrumb\"},\"inLanguage\":\"tr\",\"potentialAction\":[{\"@type\":\"ReadAction\",\"target\":[\"https:\/\/www.nilyazilim.co\/index.php\/urun\/zurich-watch\/\"]}]},{\"@type\":\"BreadcrumbList\",\"@id\":\"https:\/\/www.nilyazilim.co\/index.php\/urun\/zurich-watch\/#breadcrumb\",\"itemListElement\":[{\"@type\":\"ListItem\",\"position\":1,\"name\":\"Anasayfa\",\"item\":\"https:\/\/www.nilyazilim.co\/\"},{\"@type\":\"ListItem\",\"position\":2,\"name\":\"Shop\",\"item\":\"https:\/\/www.nilyazilim.co\/index.php\/shop\/\"},{\"@type\":\"ListItem\",\"position\":3,\"name\":\"Zurich Watch\"}]}]}<\/script>\n<!-- \/ Yoast SEO plugin. -->","yoast_head_json":{"title":"Zurich Watch - Denizli PDKS Personel Devam ve Kontrol Sistemleri","robots":{"index":"index","follow":"follow","max-snippet":"max-snippet:-1","max-image-preview":"max-image-preview:large","max-video-preview":"max-video-preview:-1"},"canonical":"https:\/\/www.nilyazilim.co\/index.php\/urun\/zurich-watch\/","og_locale":"tr_TR","og_type":"article","og_title":"Zurich Watch - Denizli PDKS Personel Devam ve Kontrol Sistemleri","og_description":"Contrary to popular belief, Lorem Ipsum is not simply random text. It has roots in a piece of classical Latin literature from 45 BC, making it over 2000 years old. Richard McClintock, a Latin professor at Hampden-Sydney College in Virginia, looked up one of the more obscure Latin words, consectetur, from a Lorem Ipsum passage, and going through the cites of the word in classical literature, discovered the undoubtable source. Lorem Ipsum comes from sections 1.10.32 and 1.10.33 of \u201cde Finibus Bonorum et Malorum\u201d (The Extremes of Good and Evil) by Cicero, written in 45 BC. This book is a treatise on the theory of ethics, very popular during the Renaissance.","og_url":"https:\/\/www.nilyazilim.co\/index.php\/urun\/zurich-watch\/","og_site_name":"Denizli PDKS Personel Devam ve Kontrol Sistemleri","og_image":[{"width":300,"height":300,"url":"https:\/\/www.nilyazilim.co\/wp-content\/uploads\/2021\/12\/product-k-300x300-1.jpg","type":"image\/jpeg"}],"twitter_card":"summary_large_image","twitter_misc":{"Tahmini okuma s\u00fcresi":"1 dakika"},"schema":{"@context":"https:\/\/schema.org","@graph":[{"@type":"Organization","@id":"https:\/\/www.nilyazilim.co\/#organization","name":"Nil Yaz\u0131l\u0131m","url":"https:\/\/www.nilyazilim.co\/","sameAs":[],"logo":{"@type":"ImageObject","inLanguage":"tr","@id":"https:\/\/www.nilyazilim.co\/#\/schema\/logo\/image\/","url":"https:\/\/www.nilyazilim.co\/wp-content\/uploads\/2022\/06\/Logo.png","contentUrl":"https:\/\/www.nilyazilim.co\/wp-content\/uploads\/2022\/06\/Logo.png","width":3751,"height":500,"caption":"Nil Yaz\u0131l\u0131m"},"image":{"@id":"https:\/\/www.nilyazilim.co\/#\/schema\/logo\/image\/"}},{"@type":"WebSite","@id":"https:\/\/www.nilyazilim.co\/#website","url":"https:\/\/www.nilyazilim.co\/","name":"Denizli PDKS Personel Devam ve Kontrol Sistemleri","description":"Bordro ve PDKS Uzmanl\u0131k Alan\u0131m\u0131z","publisher":{"@id":"https:\/\/www.nilyazilim.co\/#organization"},"potentialAction":[{"@type":"SearchAction","target":{"@type":"EntryPoint","urlTemplate":"https:\/\/www.nilyazilim.co\/?s={search_term_string}"},"query-input":"required name=search_term_string"}],"inLanguage":"tr"},{"@type":"ImageObject","inLanguage":"tr","@id":"https:\/\/www.nilyazilim.co\/index.php\/urun\/zurich-watch\/#primaryimage","url":"https:\/\/www.nilyazilim.co\/wp-content\/uploads\/2021\/12\/product-k-300x300-1.jpg","contentUrl":"https:\/\/www.nilyazilim.co\/wp-content\/uploads\/2021\/12\/product-k-300x300-1.jpg","width":300,"height":300},{"@type":"WebPage","@id":"https:\/\/www.nilyazilim.co\/index.php\/urun\/zurich-watch\/#webpage","url":"https:\/\/www.nilyazilim.co\/index.php\/urun\/zurich-watch\/","name":"Zurich Watch - Denizli PDKS Personel Devam ve Kontrol Sistemleri","isPartOf":{"@id":"https:\/\/www.nilyazilim.co\/#website"},"primaryImageOfPage":{"@id":"https:\/\/www.nilyazilim.co\/index.php\/urun\/zurich-watch\/#primaryimage"},"datePublished":"2021-12-14T03:14:48+00:00","dateModified":"2021-12-14T03:14:48+00:00","breadcrumb":{"@id":"https:\/\/www.nilyazilim.co\/index.php\/urun\/zurich-watch\/#breadcrumb"},"inLanguage":"tr","potentialAction":[{"@type":"ReadAction","target":["https:\/\/www.nilyazilim.co\/index.php\/urun\/zurich-watch\/"]}]},{"@type":"BreadcrumbList","@id":"https:\/\/www.nilyazilim.co\/index.php\/urun\/zurich-watch\/#breadcrumb","itemListElement":[{"@type":"ListItem","position":1,"name":"Anasayfa","item":"https:\/\/www.nilyazilim.co\/"},{"@type":"ListItem","position":2,"name":"Shop","item":"https:\/\/www.nilyazilim.co\/index.php\/shop\/"},{"@type":"ListItem","position":3,"name":"Zurich Watch"}]}]}},"_links":{"self":[{"href":"https:\/\/www.nilyazilim.co\/index.php\/wp-json\/wp\/v2\/product\/876"}],"collection":[{"href":"https:\/\/www.nilyazilim.co\/index.php\/wp-json\/wp\/v2\/product"}],"about":[{"href":"https:\/\/www.nilyazilim.co\/index.php\/wp-json\/wp\/v2\/types\/product"}],"replies":[{"embeddable":true,"href":"https:\/\/www.nilyazilim.co\/index.php\/wp-json\/wp\/v2\/comments?post=876"}],"wp:featuredmedia":[{"embeddable":true,"href":"https:\/\/www.nilyazilim.co\/index.php\/wp-json\/wp\/v2\/media\/875"}],"wp:attachment":[{"href":"https:\/\/www.nilyazilim.co\/index.php\/wp-json\/wp\/v2\/media?parent=876"}],"wp:term":[{"taxonomy":"product_cat","embeddable":true,"href":"https:\/\/www.nilyazilim.co\/index.php\/wp-json\/wp\/v2\/product_cat?post=876"},{"taxonomy":"product_tag","embeddable":true,"href":"https:\/\/www.nilyazilim.co\/index.php\/wp-json\/wp\/v2\/product_tag?post=876"}],"curies":[{"name":"wp","href":"https:\/\/api.w.org\/{rel}","templated":true}]}}